{"id":1088,"date":"2023-11-01T14:31:17","date_gmt":"2023-11-01T13:31:17","guid":{"rendered":"https:\/\/lunex.auxodev2.dk\/kontakt\/"},"modified":"2025-11-05T13:46:33","modified_gmt":"2025-11-05T12:46:33","slug":"kontakt","status":"publish","type":"page","link":"https:\/\/lunex.auxodev2.dk\/en\/kontakt\/","title":{"rendered":"Contact"},"content":{"rendered":"<div data-elementor-type=\"wp-post\" data-elementor-id=\"1088\" class=\"elementor elementor-1088\" data-elementor-post-type=\"page\">\n\t\t\t\t<div class=\"elementor-element elementor-element-8a81b0c e-flex e-con-boxed e-con e-parent\" data-id=\"8a81b0c\" data-element_type=\"container\">\n\t\t\t\t\t<div class=\"e-con-inner\">\n\t\t<div class=\"elementor-element elementor-element-49226d4 e-con-full e-flex e-con e-child\" data-id=\"49226d4\" data-element_type=\"container\" data-settings=\"{&quot;background_background&quot;:&quot;classic&quot;}\">\n\t\t<div class=\"elementor-element elementor-element-7a8bed7 e-con-full e-flex e-con e-child\" data-id=\"7a8bed7\" data-element_type=\"container\">\n\t\t\t\t<div class=\"elementor-element elementor-element-b4fff4d elementor-widget elementor-widget-text-editor\" data-id=\"b4fff4d\" data-element_type=\"widget\" data-widget_type=\"text-editor.default\">\n\t\t\t\t<div class=\"elementor-widget-container\">\n\t\t\t\t\t\t\t\t\t<p>Do you have questions, would you like a quote \u2013 or simply want to hear how we can help? You\u2019re always welcome to reach out to us \u2013 we respond quickly and honestly.<\/p>\t\t\t\t\t\t\t\t<\/div>\n\t\t\t\t<\/div>\n\t\t\t\t<div class=\"elementor-element elementor-element-466d937 elementor-widget-divider--view-line elementor-widget elementor-widget-divider\" data-id=\"466d937\" data-element_type=\"widget\" data-widget_type=\"divider.default\">\n\t\t\t\t<div class=\"elementor-widget-container\">\n\t\t\t\t\t\t\t<div class=\"elementor-divider\">\n\t\t\t<span class=\"elementor-divider-separator\">\n\t\t\t\t\t\t<\/span>\n\t\t<\/div>\n\t\t\t\t\t\t<\/div>\n\t\t\t\t<\/div>\n\t\t\t\t<div class=\"elementor-element elementor-element-0eb1995 elementor-widget elementor-widget-heading\" data-id=\"0eb1995\" data-element_type=\"widget\" data-widget_type=\"heading.default\">\n\t\t\t\t<div class=\"elementor-widget-container\">\n\t\t\t\t\t<h5 class=\"elementor-heading-title elementor-size-default\">Let\u2019s have a chat!<\/h5>\t\t\t\t<\/div>\n\t\t\t\t<\/div>\n\t\t<div class=\"elementor-element elementor-element-b776fea e-con-full e-flex e-con e-child\" data-id=\"b776fea\" data-element_type=\"container\">\n\t\t\t\t<div class=\"elementor-element elementor-element-c92ce30 elementor-view-framed elementor-position-left elementor-mobile-position-left elementor-shape-circle elementor-widget elementor-widget-icon-box\" data-id=\"c92ce30\" data-element_type=\"widget\" data-widget_type=\"icon-box.default\">\n\t\t\t\t<div class=\"elementor-widget-container\">\n\t\t\t\t\t\t\t<div class=\"elementor-icon-box-wrapper\">\n\n\t\t\t\t\t\t<div class=\"elementor-icon-box-icon\">\n\t\t\t\t<a href=\"tel: 4530282800\" class=\"elementor-icon\" tabindex=\"-1\" aria-label=\"+45 30 28 28 00\">\n\t\t\t\t<i aria-hidden=\"true\" class=\"far fa-phone\"><\/i>\t\t\t\t<\/a>\n\t\t\t<\/div>\n\t\t\t\n\t\t\t\t\t\t<div class=\"elementor-icon-box-content\">\n\n\t\t\t\t\t\t\t\t\t<div class=\"elementor-icon-box-title\">\n\t\t\t\t\t\t<a href=\"tel: 4530282800\" >\n\t\t\t\t\t\t\t+45 30 28 28 00\t\t\t\t\t\t<\/a>\n\t\t\t\t\t<\/div>\n\t\t\t\t\n\t\t\t\t\n\t\t\t<\/div>\n\t\t\t\n\t\t<\/div>\n\t\t\t\t\t\t<\/div>\n\t\t\t\t<\/div>\n\t\t\t\t<div class=\"elementor-element elementor-element-4d1b647 elementor-view-framed elementor-position-left elementor-mobile-position-left elementor-shape-circle elementor-widget elementor-widget-icon-box\" data-id=\"4d1b647\" data-element_type=\"widget\" data-widget_type=\"icon-box.default\">\n\t\t\t\t<div class=\"elementor-widget-container\">\n\t\t\t\t\t\t\t<div class=\"elementor-icon-box-wrapper\">\n\n\t\t\t\t\t\t<div class=\"elementor-icon-box-icon\">\n\t\t\t\t<a href=\"mailto:info@lunex.dk\" class=\"elementor-icon\" tabindex=\"-1\" aria-label=\"info@lunex.dk\">\n\t\t\t\t<i aria-hidden=\"true\" class=\"far fa-envelope\"><\/i>\t\t\t\t<\/a>\n\t\t\t<\/div>\n\t\t\t\n\t\t\t\t\t\t<div class=\"elementor-icon-box-content\">\n\n\t\t\t\t\t\t\t\t\t<div class=\"elementor-icon-box-title\">\n\t\t\t\t\t\t<a href=\"mailto:info@lunex.dk\" >\n\t\t\t\t\t\t\tinfo@lunex.dk\t\t\t\t\t\t<\/a>\n\t\t\t\t\t<\/div>\n\t\t\t\t\n\t\t\t\t\n\t\t\t<\/div>\n\t\t\t\n\t\t<\/div>\n\t\t\t\t\t\t<\/div>\n\t\t\t\t<\/div>\n\t\t\t\t<div class=\"elementor-element elementor-element-8cd915d elementor-view-framed elementor-position-left elementor-mobile-position-left elementor-shape-circle elementor-widget elementor-widget-icon-box\" data-id=\"8cd915d\" data-element_type=\"widget\" data-widget_type=\"icon-box.default\">\n\t\t\t\t<div class=\"elementor-widget-container\">\n\t\t\t\t\t\t\t<div class=\"elementor-icon-box-wrapper\">\n\n\t\t\t\t\t\t<div class=\"elementor-icon-box-icon\">\n\t\t\t\t<a href=\"mailto:kontakt@lunex.dk\" class=\"elementor-icon\" tabindex=\"-1\" aria-label=\"We cover all of Denmark and the rest of Scandinavia\">\n\t\t\t\t<i aria-hidden=\"true\" class=\"far fa-map-marker-alt\"><\/i>\t\t\t\t<\/a>\n\t\t\t<\/div>\n\t\t\t\n\t\t\t\t\t\t<div class=\"elementor-icon-box-content\">\n\n\t\t\t\t\t\t\t\t\t<div class=\"elementor-icon-box-title\">\n\t\t\t\t\t\t<a href=\"mailto:kontakt@lunex.dk\" >\n\t\t\t\t\t\t\tWe cover all of Denmark and the rest of Scandinavia\t\t\t\t\t\t<\/a>\n\t\t\t\t\t<\/div>\n\t\t\t\t\n\t\t\t\t\n\t\t\t<\/div>\n\t\t\t\n\t\t<\/div>\n\t\t\t\t\t\t<\/div>\n\t\t\t\t<\/div>\n\t\t\t\t<\/div>\n\t\t\t\t<\/div>\n\t\t<div class=\"elementor-element elementor-element-34cd57c e-con-full e-flex e-con e-child\" data-id=\"34cd57c\" data-element_type=\"container\">\n\t\t\t\t<div class=\"elementor-element elementor-element-53ae5570 elementor-button-align-start elementor-mobile-button-align-stretch elementor-widget__width-inherit elementor-widget elementor-widget-form\" data-id=\"53ae5570\" data-element_type=\"widget\" data-settings=\"{&quot;step_next_label&quot;:&quot;N\\u00e6ste&quot;,&quot;step_previous_label&quot;:&quot;Tidligere&quot;,&quot;button_width&quot;:&quot;100&quot;,&quot;step_type&quot;:&quot;number_text&quot;,&quot;step_icon_shape&quot;:&quot;circle&quot;}\" data-widget_type=\"form.default\">\n\t\t\t\t<div class=\"elementor-widget-container\">\n\t\t\t\t\t\t\t<form class=\"elementor-form\" method=\"post\" name=\"Ny formular\" aria-label=\"Ny formular\" action=\"\">\n\t\t\t<input type=\"hidden\" name=\"post_id\" value=\"1088\"\/>\n\t\t\t<input type=\"hidden\" name=\"form_id\" value=\"53ae5570\"\/>\n\t\t\t<input type=\"hidden\" name=\"referer_title\" value=\"Lunex\" \/>\n\n\t\t\t\n\t\t\t<div class=\"elementor-form-fields-wrapper elementor-labels-above\">\n\t\t\t\t\t\t\t\t<div class=\"elementor-field-type-text elementor-field-group elementor-column elementor-field-group-name elementor-col-100\">\n\t\t\t\t\t\t\t\t\t\t\t\t<label for=\"form-field-name\" class=\"elementor-field-label\">\n\t\t\t\t\t\t\t\tName\t\t\t\t\t\t\t<\/label>\n\t\t\t\t\t\t\t\t\t\t\t\t\t\t<input size=\"1\" type=\"text\" name=\"form_fields[name]\" id=\"form-field-name\" class=\"elementor-field elementor-size-sm  elementor-field-textual\" placeholder=\"Enter your name\">\n\t\t\t\t\t\t\t\t\t\t\t<\/div>\n\t\t\t\t\t\t\t\t<div class=\"elementor-field-type-email elementor-field-group elementor-column elementor-field-group-email elementor-col-50 elementor-field-required\">\n\t\t\t\t\t\t\t\t\t\t\t\t<label for=\"form-field-email\" class=\"elementor-field-label\">\n\t\t\t\t\t\t\t\tEmail\t\t\t\t\t\t\t<\/label>\n\t\t\t\t\t\t\t\t\t\t\t\t\t\t<input size=\"1\" type=\"email\" name=\"form_fields[email]\" id=\"form-field-email\" class=\"elementor-field elementor-size-sm  elementor-field-textual\" placeholder=\"Enter your email address\" required=\"required\">\n\t\t\t\t\t\t\t\t\t\t\t<\/div>\n\t\t\t\t\t\t\t\t<div class=\"elementor-field-type-email elementor-field-group elementor-column elementor-field-group-phone elementor-col-50 elementor-field-required\">\n\t\t\t\t\t\t\t\t\t\t\t\t<label for=\"form-field-phone\" class=\"elementor-field-label\">\n\t\t\t\t\t\t\t\tPhone\t\t\t\t\t\t\t<\/label>\n\t\t\t\t\t\t\t\t\t\t\t\t\t\t<input size=\"1\" type=\"email\" name=\"form_fields[phone]\" id=\"form-field-phone\" class=\"elementor-field elementor-size-sm  elementor-field-textual\" placeholder=\"Enter your phone number\" required=\"required\">\n\t\t\t\t\t\t\t\t\t\t\t<\/div>\n\t\t\t\t\t\t\t\t<div class=\"elementor-field-type-textarea elementor-field-group elementor-column elementor-field-group-message elementor-col-100\">\n\t\t\t\t\t\t\t\t\t\t\t\t<label for=\"form-field-message\" class=\"elementor-field-label\">\n\t\t\t\t\t\t\t\tMessage\t\t\t\t\t\t\t<\/label>\n\t\t\t\t\t\t<textarea class=\"elementor-field-textual elementor-field  elementor-size-sm\" name=\"form_fields[message]\" id=\"form-field-message\" rows=\"6\" placeholder=\"How can we help you?\"><\/textarea>\t\t\t\t<\/div>\n\t\t\t\t\t\t\t\t<div class=\"elementor-field-type-text\">\n\t\t\t\t\t<input size=\"1\" type=\"text\" name=\"form_fields[honeypot]\" id=\"form-field-honeypot\" class=\"elementor-field elementor-size-sm\" style=\"display:none !important;\">\t\t\t\t<\/div>\n\t\t\t\t\t\t\t\t<div class=\"elementor-field-group elementor-column elementor-field-type-submit elementor-col-100 e-form__buttons\">\n\t\t\t\t\t<button class=\"elementor-button elementor-size-sm\" type=\"submit\">\n\t\t\t\t\t\t<span class=\"elementor-button-content-wrapper\">\n\t\t\t\t\t\t\t\t\t\t\t\t\t\t\t<span class=\"elementor-button-icon\">\n\t\t\t\t\t\t\t\t\t<i aria-hidden=\"true\" class=\"far fa-long-arrow-right\"><\/i>\t\t\t\t\t\t\t\t\t\t\t\t\t\t\t\t\t<\/span>\n\t\t\t\t\t\t\t\t\t\t\t\t\t\t\t\t\t\t\t\t\t\t<span class=\"elementor-button-text\">Send<\/span>\n\t\t\t\t\t\t\t\t\t\t\t\t\t<\/span>\n\t\t\t\t\t<\/button>\n\t\t\t\t<\/div>\n\t\t\t<\/div>\n\t\t<input\n                    class=\"apbct_special_field apbct_email_id__elementor_form\"\n                    name=\"apbct__email_id__elementor_form\"\n                    aria-label=\"apbct__label_id__elementor_form\"\n                    type=\"text\" size=\"30\" maxlength=\"200\" autocomplete=\"off\"\n                    value=\"\"\n                \/><input type=\"hidden\" name=\"trp-form-language\" value=\"en\"\/><\/form>\n\t\t\t\t\t\t<\/div>\n\t\t\t\t<\/div>\n\t\t\t\t<\/div>\n\t\t\t\t<\/div>\n\t\t\t\t\t<\/div>\n\t\t\t\t<\/div>\n\t\t\t\t<\/div>","protected":false},"excerpt":{"rendered":"<p>Har du sp\u00f8rgsm\u00e5l, \u00f8nsker du et tilbud \u2013 eller vil du bare h\u00f8re, hvordan vi kan hj\u00e6lpe? Du er altid velkommen til at tage fat i os \u2013 vi svarer hurtigt og \u00e6rligt. Lad os tage en snak! +45 30 28 28 00 info@lunex.dk Vi d\u00e6kker hele Danmark og resten af Skandinavien<\/p>","protected":false},"author":1,"featured_media":0,"parent":0,"menu_order":0,"comment_status":"closed","ping_status":"closed","template":"","meta":{"footnotes":""},"class_list":["post-1088","page","type-page","status-publish","hentry"],"yoast_head":"<!-- This site is optimized with the Yoast SEO plugin v26.9 - https:\/\/yoast.com\/product\/yoast-seo-wordpress\/ -->\n<title>Kontakt - Lunex<\/title>\n<meta name=\"robots\" content=\"noindex, follow, max-snippet:-1, max-image-preview:large, max-video-preview:-1\" \/>\n<meta property=\"og:locale\" content=\"en_GB\" \/>\n<meta property=\"og:type\" content=\"article\" \/>\n<meta property=\"og:title\" content=\"Kontakt - Lunex\" \/>\n<meta property=\"og:description\" content=\"Har du sp\u00f8rgsm\u00e5l, \u00f8nsker du et tilbud \u2013 eller vil du bare h\u00f8re, hvordan vi kan hj\u00e6lpe? Du er altid velkommen til at tage fat i os \u2013 vi svarer hurtigt og \u00e6rligt. Lad os tage en snak! +45 30 28 28 00 info@lunex.dk Vi d\u00e6kker hele Danmark og resten af Skandinavien\" \/>\n<meta property=\"og:url\" content=\"https:\/\/lunex.auxodev2.dk\/en\/kontakt\/\" \/>\n<meta property=\"og:site_name\" content=\"Lunex\" \/>\n<meta property=\"article:modified_time\" content=\"2025-11-05T12:46:33+00:00\" \/>\n<meta name=\"twitter:card\" content=\"summary_large_image\" \/>\n<meta name=\"twitter:label1\" content=\"Estimated reading time\" \/>\n\t<meta name=\"twitter:data1\" content=\"1 minute\" \/>\n<script type=\"application\/ld+json\" class=\"yoast-schema-graph\">{\"@context\":\"https:\/\/schema.org\",\"@graph\":[{\"@type\":\"WebPage\",\"@id\":\"https:\/\/lunex.auxodev2.dk\/kontakt\/\",\"url\":\"https:\/\/lunex.auxodev2.dk\/kontakt\/\",\"name\":\"Kontakt - Lunex\",\"isPartOf\":{\"@id\":\"https:\/\/lunex.auxodev2.dk\/#website\"},\"datePublished\":\"2023-11-01T13:31:17+00:00\",\"dateModified\":\"2025-11-05T12:46:33+00:00\",\"inLanguage\":\"en-GB\",\"potentialAction\":[{\"@type\":\"ReadAction\",\"target\":[\"https:\/\/lunex.auxodev2.dk\/kontakt\/\"]}]},{\"@type\":\"WebSite\",\"@id\":\"https:\/\/lunex.auxodev2.dk\/#website\",\"url\":\"https:\/\/lunex.auxodev2.dk\/\",\"name\":\"Lunex\",\"description\":\"\",\"publisher\":{\"@id\":\"https:\/\/lunex.auxodev2.dk\/#organization\"},\"potentialAction\":[{\"@type\":\"SearchAction\",\"target\":{\"@type\":\"EntryPoint\",\"urlTemplate\":\"https:\/\/lunex.auxodev2.dk\/?s={search_term_string}\"},\"query-input\":{\"@type\":\"PropertyValueSpecification\",\"valueRequired\":true,\"valueName\":\"search_term_string\"}}],\"inLanguage\":\"en-GB\"},{\"@type\":\"Organization\",\"@id\":\"https:\/\/lunex.auxodev2.dk\/#organization\",\"name\":\"Lunex\",\"url\":\"https:\/\/lunex.auxodev2.dk\/\",\"logo\":{\"@type\":\"ImageObject\",\"inLanguage\":\"en-GB\",\"@id\":\"https:\/\/lunex.auxodev2.dk\/#\/schema\/logo\/image\/\",\"url\":\"https:\/\/lunex.auxodev2.dk\/wp-content\/uploads\/Logo.png\",\"contentUrl\":\"https:\/\/lunex.auxodev2.dk\/wp-content\/uploads\/Logo.png\",\"width\":1444,\"height\":739,\"caption\":\"Lunex\"},\"image\":{\"@id\":\"https:\/\/lunex.auxodev2.dk\/#\/schema\/logo\/image\/\"}}]}<\/script>\n<!-- \/ Yoast SEO plugin. -->","yoast_head_json":{"title":"Kontakt - Lunex","robots":{"index":"noindex","follow":"follow","max-snippet":"max-snippet:-1","max-image-preview":"max-image-preview:large","max-video-preview":"max-video-preview:-1"},"og_locale":"en_GB","og_type":"article","og_title":"Kontakt - Lunex","og_description":"Har du sp\u00f8rgsm\u00e5l, \u00f8nsker du et tilbud \u2013 eller vil du bare h\u00f8re, hvordan vi kan hj\u00e6lpe? Du er altid velkommen til at tage fat i os \u2013 vi svarer hurtigt og \u00e6rligt. Lad os tage en snak! +45 30 28 28 00 info@lunex.dk Vi d\u00e6kker hele Danmark og resten af Skandinavien","og_url":"https:\/\/lunex.auxodev2.dk\/en\/kontakt\/","og_site_name":"Lunex","article_modified_time":"2025-11-05T12:46:33+00:00","twitter_card":"summary_large_image","twitter_misc":{"Estimated reading time":"1 minute"},"schema":{"@context":"https:\/\/schema.org","@graph":[{"@type":"WebPage","@id":"https:\/\/lunex.auxodev2.dk\/kontakt\/","url":"https:\/\/lunex.auxodev2.dk\/kontakt\/","name":"Kontakt - Lunex","isPartOf":{"@id":"https:\/\/lunex.auxodev2.dk\/#website"},"datePublished":"2023-11-01T13:31:17+00:00","dateModified":"2025-11-05T12:46:33+00:00","inLanguage":"en-GB","potentialAction":[{"@type":"ReadAction","target":["https:\/\/lunex.auxodev2.dk\/kontakt\/"]}]},{"@type":"WebSite","@id":"https:\/\/lunex.auxodev2.dk\/#website","url":"https:\/\/lunex.auxodev2.dk\/","name":"Lunex","description":"","publisher":{"@id":"https:\/\/lunex.auxodev2.dk\/#organization"},"potentialAction":[{"@type":"SearchAction","target":{"@type":"EntryPoint","urlTemplate":"https:\/\/lunex.auxodev2.dk\/?s={search_term_string}"},"query-input":{"@type":"PropertyValueSpecification","valueRequired":true,"valueName":"search_term_string"}}],"inLanguage":"en-GB"},{"@type":"Organization","@id":"https:\/\/lunex.auxodev2.dk\/#organization","name":"Lunex","url":"https:\/\/lunex.auxodev2.dk\/","logo":{"@type":"ImageObject","inLanguage":"en-GB","@id":"https:\/\/lunex.auxodev2.dk\/#\/schema\/logo\/image\/","url":"https:\/\/lunex.auxodev2.dk\/wp-content\/uploads\/Logo.png","contentUrl":"https:\/\/lunex.auxodev2.dk\/wp-content\/uploads\/Logo.png","width":1444,"height":739,"caption":"Lunex"},"image":{"@id":"https:\/\/lunex.auxodev2.dk\/#\/schema\/logo\/image\/"}}]}},"_links":{"self":[{"href":"https:\/\/lunex.auxodev2.dk\/en\/wp-json\/wp\/v2\/pages\/1088","targetHints":{"allow":["GET"]}}],"collection":[{"href":"https:\/\/lunex.auxodev2.dk\/en\/wp-json\/wp\/v2\/pages"}],"about":[{"href":"https:\/\/lunex.auxodev2.dk\/en\/wp-json\/wp\/v2\/types\/page"}],"author":[{"embeddable":true,"href":"https:\/\/lunex.auxodev2.dk\/en\/wp-json\/wp\/v2\/users\/1"}],"replies":[{"embeddable":true,"href":"https:\/\/lunex.auxodev2.dk\/en\/wp-json\/wp\/v2\/comments?post=1088"}],"version-history":[{"count":20,"href":"https:\/\/lunex.auxodev2.dk\/en\/wp-json\/wp\/v2\/pages\/1088\/revisions"}],"predecessor-version":[{"id":2004,"href":"https:\/\/lunex.auxodev2.dk\/en\/wp-json\/wp\/v2\/pages\/1088\/revisions\/2004"}],"wp:attachment":[{"href":"https:\/\/lunex.auxodev2.dk\/en\/wp-json\/wp\/v2\/media?parent=1088"}],"curies":[{"name":"wp","href":"https:\/\/api.w.org\/{rel}","templated":true}]}}