{"id":1575,"date":"2025-10-24T08:53:53","date_gmt":"2025-10-24T06:53:53","guid":{"rendered":"https:\/\/lunex.auxodev2.dk\/?page_id=1575"},"modified":"2025-11-05T13:48:17","modified_gmt":"2025-11-05T12:48:17","slug":"raadgivning","status":"publish","type":"page","link":"https:\/\/lunex.auxodev2.dk\/en\/raadgivning\/","title":{"rendered":"Consulting"},"content":{"rendered":"<div data-elementor-type=\"wp-page\" data-elementor-id=\"1575\" class=\"elementor elementor-1575\" data-elementor-post-type=\"page\">\n\t\t\t\t<div class=\"elementor-element elementor-element-c52e0b4 e-flex e-con-boxed e-con e-parent\" data-id=\"c52e0b4\" data-element_type=\"container\">\n\t\t\t\t\t<div class=\"e-con-inner\">\n\t\t<div class=\"elementor-element elementor-element-6f1c0df e-con-full e-flex e-con e-child\" data-id=\"6f1c0df\" data-element_type=\"container\" data-settings=\"{&quot;background_background&quot;:&quot;classic&quot;}\">\n\t\t<div class=\"elementor-element elementor-element-851a765 e-con-full e-flex e-con e-child\" data-id=\"851a765\" data-element_type=\"container\">\n\t\t\t\t<div class=\"elementor-element elementor-element-c3b8ee7 elementor-widget elementor-widget-heading\" data-id=\"c3b8ee7\" data-element_type=\"widget\" data-widget_type=\"heading.default\">\n\t\t\t\t<div class=\"elementor-widget-container\">\n\t\t\t\t\t<h5 class=\"elementor-heading-title elementor-size-default\">Are you about to start a new project \u2013 or do you need some guidance?<\/h5>\t\t\t\t<\/div>\n\t\t\t\t<\/div>\n\t\t\t\t<div class=\"elementor-element elementor-element-f41ea49 elementor-widget elementor-widget-text-editor\" data-id=\"f41ea49\" data-element_type=\"widget\" data-widget_type=\"text-editor.default\">\n\t\t\t\t<div class=\"elementor-widget-container\">\n\t\t\t\t\t\t\t\t\tLunex offers consulting services to associations, schools, and municipalities looking to optimize their facilities.\nWe provide advice on everything from designing new gymnastics centers to maintenance plans for existing facilities.\n\t\t\t\t\t\t\t\t<\/div>\n\t\t\t\t<\/div>\n\t\t\t\t<\/div>\n\t\t<div class=\"elementor-element elementor-element-a76ab72 e-con-full e-flex e-con e-child\" data-id=\"a76ab72\" data-element_type=\"container\">\n\t\t\t\t<div class=\"elementor-element elementor-element-96298d8 elementor-mobile-align-justify elementor-widget-mobile__width-inherit elementor-widget elementor-widget-button\" data-id=\"96298d8\" data-element_type=\"widget\" data-widget_type=\"button.default\">\n\t\t\t\t<div class=\"elementor-widget-container\">\n\t\t\t\t\t\t\t\t\t<div class=\"elementor-button-wrapper\">\n\t\t\t\t\t<a class=\"elementor-button elementor-button-link elementor-size-sm\" href=\"https:\/\/lunex.auxodev2.dk\/en\/kontakt\/\">\n\t\t\t\t\t\t<span class=\"elementor-button-content-wrapper\">\n\t\t\t\t\t\t<span class=\"elementor-button-icon\">\n\t\t\t\t<i aria-hidden=\"true\" class=\"far fa-long-arrow-right\"><\/i>\t\t\t<\/span>\n\t\t\t\t\t\t\t\t\t<span class=\"elementor-button-text\">Book a meeting<\/span>\n\t\t\t\t\t<\/span>\n\t\t\t\t\t<\/a>\n\t\t\t\t<\/div>\n\t\t\t\t\t\t\t\t<\/div>\n\t\t\t\t<\/div>\n\t\t\t\t<\/div>\n\t\t\t\t<\/div>\n\t\t\t\t\t<\/div>\n\t\t\t\t<\/div>\n\t\t<div class=\"elementor-element elementor-element-e65737e e-flex e-con-boxed e-con e-parent\" data-id=\"e65737e\" data-element_type=\"container\">\n\t\t\t\t\t<div class=\"e-con-inner\">\n\t\t<div class=\"elementor-element elementor-element-285b65c e-con-full e-flex e-con e-child\" data-id=\"285b65c\" data-element_type=\"container\" data-settings=\"{&quot;background_background&quot;:&quot;classic&quot;}\">\n\t\t\t\t<\/div>\n\t\t<div class=\"elementor-element elementor-element-63b3115 e-con-full e-flex e-con e-child\" data-id=\"63b3115\" data-element_type=\"container\">\n\t\t\t\t<div class=\"elementor-element elementor-element-6a9cf44 elementor-widget elementor-widget-heading\" data-id=\"6a9cf44\" data-element_type=\"widget\" data-widget_type=\"heading.default\">\n\t\t\t\t<div class=\"elementor-widget-container\">\n\t\t\t\t\t<h2 class=\"elementor-heading-title elementor-size-default\">Are you about to start a new project?<\/h2>\t\t\t\t<\/div>\n\t\t\t\t<\/div>\n\t\t\t\t<div class=\"elementor-element elementor-element-665c3d4 elementor-widget elementor-widget-text-editor\" data-id=\"665c3d4\" data-element_type=\"widget\" data-widget_type=\"text-editor.default\">\n\t\t\t\t<div class=\"elementor-widget-container\">\n\t\t\t\t\t\t\t\t\t<p>At Lunex, you get expert guidance and professional advice \u2013 whether it\u2019s about new construction, optimization, or maintenance. We focus on functionality, safety, and long-term operation, ensuring you get solutions that work in everyday use.<\/p><p>With experience from both the user and supplier side, we know what works in practice \u2013 and what it takes to create a solution that lasts.<\/p><p>Call, write, or book a meeting \u2013 together we\u2019ll find the right way forward.<\/p>\t\t\t\t\t\t\t\t<\/div>\n\t\t\t\t<\/div>\n\t\t\t\t<div class=\"elementor-element elementor-element-9181aae elementor-mobile-align-justify elementor-widget-mobile__width-inherit elementor-widget elementor-widget-button\" data-id=\"9181aae\" data-element_type=\"widget\" data-widget_type=\"button.default\">\n\t\t\t\t<div class=\"elementor-widget-container\">\n\t\t\t\t\t\t\t\t\t<div class=\"elementor-button-wrapper\">\n\t\t\t\t\t<a class=\"elementor-button elementor-button-link elementor-size-sm\" href=\"https:\/\/lunex.auxodev2.dk\/en\/kontakt\/\">\n\t\t\t\t\t\t<span class=\"elementor-button-content-wrapper\">\n\t\t\t\t\t\t<span class=\"elementor-button-icon\">\n\t\t\t\t<i aria-hidden=\"true\" class=\"far fa-long-arrow-right\"><\/i>\t\t\t<\/span>\n\t\t\t\t\t\t\t\t\t<span class=\"elementor-button-text\">Book a meeting<\/span>\n\t\t\t\t\t<\/span>\n\t\t\t\t\t<\/a>\n\t\t\t\t<\/div>\n\t\t\t\t\t\t\t\t<\/div>\n\t\t\t\t<\/div>\n\t\t\t\t<\/div>\n\t\t\t\t\t<\/div>\n\t\t\t\t<\/div>\n\t\t\t\t<\/div>","protected":false},"excerpt":{"rendered":"<p>St\u00e5r du foran et nyt projekt \u2013 eller har du brug for sparring? Lunex tilbyder r\u00e5dgivning til foreninger, skoler og kommuner, der vil optimere deres faciliteter. Vi r\u00e5dgiver om alt fra indretning af nye springcentre til vedligeholdelsesplaner for eksisterende anl\u00e6g. Book et m\u00f8de St\u00e5r du foran et nyt projekt? Hos Lunex f\u00e5r I kompetent sparring [&hellip;]<\/p>","protected":false},"author":1,"featured_media":0,"parent":0,"menu_order":0,"comment_status":"closed","ping_status":"closed","template":"","meta":{"footnotes":""},"class_list":["post-1575","page","type-page","status-publish","hentry"],"yoast_head":"<!-- This site is optimized with the Yoast SEO plugin v26.9 - https:\/\/yoast.com\/product\/yoast-seo-wordpress\/ -->\n<title>R\u00e5dgivning - Lunex<\/title>\n<meta name=\"robots\" content=\"noindex, follow, max-snippet:-1, max-image-preview:large, max-video-preview:-1\" \/>\n<meta property=\"og:locale\" content=\"en_GB\" \/>\n<meta property=\"og:type\" content=\"article\" \/>\n<meta property=\"og:title\" content=\"R\u00e5dgivning - Lunex\" \/>\n<meta property=\"og:description\" content=\"St\u00e5r du foran et nyt projekt \u2013 eller har du brug for sparring? Lunex tilbyder r\u00e5dgivning til foreninger, skoler og kommuner, der vil optimere deres faciliteter. Vi r\u00e5dgiver om alt fra indretning af nye springcentre til vedligeholdelsesplaner for eksisterende anl\u00e6g. Book et m\u00f8de St\u00e5r du foran et nyt projekt? Hos Lunex f\u00e5r I kompetent sparring [&hellip;]\" \/>\n<meta property=\"og:url\" content=\"https:\/\/lunex.auxodev2.dk\/en\/raadgivning\/\" \/>\n<meta property=\"og:site_name\" content=\"Lunex\" \/>\n<meta property=\"article:modified_time\" content=\"2025-11-05T12:48:17+00:00\" \/>\n<meta name=\"twitter:card\" content=\"summary_large_image\" \/>\n<meta name=\"twitter:label1\" content=\"Estimated reading time\" \/>\n\t<meta name=\"twitter:data1\" content=\"1 minute\" \/>\n<script type=\"application\/ld+json\" class=\"yoast-schema-graph\">{\"@context\":\"https:\/\/schema.org\",\"@graph\":[{\"@type\":\"WebPage\",\"@id\":\"https:\/\/lunex.auxodev2.dk\/raadgivning\/\",\"url\":\"https:\/\/lunex.auxodev2.dk\/raadgivning\/\",\"name\":\"R\u00e5dgivning - Lunex\",\"isPartOf\":{\"@id\":\"https:\/\/lunex.auxodev2.dk\/#website\"},\"datePublished\":\"2025-10-24T06:53:53+00:00\",\"dateModified\":\"2025-11-05T12:48:17+00:00\",\"inLanguage\":\"en-GB\",\"potentialAction\":[{\"@type\":\"ReadAction\",\"target\":[\"https:\/\/lunex.auxodev2.dk\/raadgivning\/\"]}]},{\"@type\":\"WebSite\",\"@id\":\"https:\/\/lunex.auxodev2.dk\/#website\",\"url\":\"https:\/\/lunex.auxodev2.dk\/\",\"name\":\"Lunex\",\"description\":\"\",\"publisher\":{\"@id\":\"https:\/\/lunex.auxodev2.dk\/#organization\"},\"potentialAction\":[{\"@type\":\"SearchAction\",\"target\":{\"@type\":\"EntryPoint\",\"urlTemplate\":\"https:\/\/lunex.auxodev2.dk\/?s={search_term_string}\"},\"query-input\":{\"@type\":\"PropertyValueSpecification\",\"valueRequired\":true,\"valueName\":\"search_term_string\"}}],\"inLanguage\":\"en-GB\"},{\"@type\":\"Organization\",\"@id\":\"https:\/\/lunex.auxodev2.dk\/#organization\",\"name\":\"Lunex\",\"url\":\"https:\/\/lunex.auxodev2.dk\/\",\"logo\":{\"@type\":\"ImageObject\",\"inLanguage\":\"en-GB\",\"@id\":\"https:\/\/lunex.auxodev2.dk\/#\/schema\/logo\/image\/\",\"url\":\"https:\/\/lunex.auxodev2.dk\/wp-content\/uploads\/Logo.png\",\"contentUrl\":\"https:\/\/lunex.auxodev2.dk\/wp-content\/uploads\/Logo.png\",\"width\":1444,\"height\":739,\"caption\":\"Lunex\"},\"image\":{\"@id\":\"https:\/\/lunex.auxodev2.dk\/#\/schema\/logo\/image\/\"}}]}<\/script>\n<!-- \/ Yoast SEO plugin. -->","yoast_head_json":{"title":"R\u00e5dgivning - Lunex","robots":{"index":"noindex","follow":"follow","max-snippet":"max-snippet:-1","max-image-preview":"max-image-preview:large","max-video-preview":"max-video-preview:-1"},"og_locale":"en_GB","og_type":"article","og_title":"R\u00e5dgivning - Lunex","og_description":"St\u00e5r du foran et nyt projekt \u2013 eller har du brug for sparring? Lunex tilbyder r\u00e5dgivning til foreninger, skoler og kommuner, der vil optimere deres faciliteter. Vi r\u00e5dgiver om alt fra indretning af nye springcentre til vedligeholdelsesplaner for eksisterende anl\u00e6g. Book et m\u00f8de St\u00e5r du foran et nyt projekt? Hos Lunex f\u00e5r I kompetent sparring [&hellip;]","og_url":"https:\/\/lunex.auxodev2.dk\/en\/raadgivning\/","og_site_name":"Lunex","article_modified_time":"2025-11-05T12:48:17+00:00","twitter_card":"summary_large_image","twitter_misc":{"Estimated reading time":"1 minute"},"schema":{"@context":"https:\/\/schema.org","@graph":[{"@type":"WebPage","@id":"https:\/\/lunex.auxodev2.dk\/raadgivning\/","url":"https:\/\/lunex.auxodev2.dk\/raadgivning\/","name":"R\u00e5dgivning - Lunex","isPartOf":{"@id":"https:\/\/lunex.auxodev2.dk\/#website"},"datePublished":"2025-10-24T06:53:53+00:00","dateModified":"2025-11-05T12:48:17+00:00","inLanguage":"en-GB","potentialAction":[{"@type":"ReadAction","target":["https:\/\/lunex.auxodev2.dk\/raadgivning\/"]}]},{"@type":"WebSite","@id":"https:\/\/lunex.auxodev2.dk\/#website","url":"https:\/\/lunex.auxodev2.dk\/","name":"Lunex","description":"","publisher":{"@id":"https:\/\/lunex.auxodev2.dk\/#organization"},"potentialAction":[{"@type":"SearchAction","target":{"@type":"EntryPoint","urlTemplate":"https:\/\/lunex.auxodev2.dk\/?s={search_term_string}"},"query-input":{"@type":"PropertyValueSpecification","valueRequired":true,"valueName":"search_term_string"}}],"inLanguage":"en-GB"},{"@type":"Organization","@id":"https:\/\/lunex.auxodev2.dk\/#organization","name":"Lunex","url":"https:\/\/lunex.auxodev2.dk\/","logo":{"@type":"ImageObject","inLanguage":"en-GB","@id":"https:\/\/lunex.auxodev2.dk\/#\/schema\/logo\/image\/","url":"https:\/\/lunex.auxodev2.dk\/wp-content\/uploads\/Logo.png","contentUrl":"https:\/\/lunex.auxodev2.dk\/wp-content\/uploads\/Logo.png","width":1444,"height":739,"caption":"Lunex"},"image":{"@id":"https:\/\/lunex.auxodev2.dk\/#\/schema\/logo\/image\/"}}]}},"_links":{"self":[{"href":"https:\/\/lunex.auxodev2.dk\/en\/wp-json\/wp\/v2\/pages\/1575","targetHints":{"allow":["GET"]}}],"collection":[{"href":"https:\/\/lunex.auxodev2.dk\/en\/wp-json\/wp\/v2\/pages"}],"about":[{"href":"https:\/\/lunex.auxodev2.dk\/en\/wp-json\/wp\/v2\/types\/page"}],"author":[{"embeddable":true,"href":"https:\/\/lunex.auxodev2.dk\/en\/wp-json\/wp\/v2\/users\/1"}],"replies":[{"embeddable":true,"href":"https:\/\/lunex.auxodev2.dk\/en\/wp-json\/wp\/v2\/comments?post=1575"}],"version-history":[{"count":16,"href":"https:\/\/lunex.auxodev2.dk\/en\/wp-json\/wp\/v2\/pages\/1575\/revisions"}],"predecessor-version":[{"id":2012,"href":"https:\/\/lunex.auxodev2.dk\/en\/wp-json\/wp\/v2\/pages\/1575\/revisions\/2012"}],"wp:attachment":[{"href":"https:\/\/lunex.auxodev2.dk\/en\/wp-json\/wp\/v2\/media?parent=1575"}],"curies":[{"name":"wp","href":"https:\/\/api.w.org\/{rel}","templated":true}]}}